{"id":109,"date":"2025-06-17T12:16:14","date_gmt":"2025-06-17T10:16:14","guid":{"rendered":"https:\/\/nadinemeissner.com\/?page_id=109"},"modified":"2025-11-06T11:37:38","modified_gmt":"2025-11-06T10:37:38","slug":"ueber-mich","status":"publish","type":"page","link":"https:\/\/nadinemeissner.com\/en\/ueber-mich\/","title":{"rendered":"ABOUT ME"},"content":{"rendered":"<div class=\"grve-section\" data-section-title=\"\" data-section-type=\"fullwidth-background\" data-image-type=\"none\" data-full-height=\"no\"><div class=\"grve-row grve-bookmark\"><div class=\"wpb_column grve-column grve-bookmark grve-column-1\"><div class=\"vc_empty_space\"   style=\"height: 32px\"><span class=\"vc_empty_space_inner\"><\/span><\/div><h1 class=\"grve-element grve-align-left grve-title-line grve-h1\" style=\"\"><span>\u00dcBER MICH - NADINE MEI\u00dfNER<\/span><\/h1><div class=\"vc_empty_space\"   style=\"height: 32px\"><span class=\"vc_empty_space_inner\"><\/span><\/div><\/div><div class=\"wpb_column grve-column grve-bookmark grve-column-1-3\"><div class=\"grve-element grve-text\"><p>Mein Name ist Nadine Meissner und ich bin <strong>Lazaris Nerve Release Practitioner<\/strong> in der N\u00e4he von K\u00f6ln, Deutschland. Zus\u00e4tzlich zu LNR verwende ich eine Kombination von Modalit\u00e4ten wie <strong>Hufpflege, Craniodynamik<\/strong> und <strong>Equine Faszientherapie<\/strong>, um das Pferd zu unterst\u00fctzen.<\/p>\n<p>Ich behandele die Pferde vom Huf bis zum Kopf und von innen nach au\u00dfen. Mein langfristiges Ziel ist es, eine so starke Grundlage f\u00fcr das Pferd zu schaffen, dass Routinebehandlungen und wiederholte Rehabilitationsma\u00dfnahmen f\u00fcr dasselbe Problem der Vergangenheit angeh\u00f6ren.<\/p>\n<\/div><\/div><div class=\"wpb_column grve-column grve-bookmark grve-column-1-3\"><div class=\"grve-element grve-text\"><p>Auf meinem Hof im sch\u00f6nen Sauerland biete ich den Pferden ein Trainings- und Rehabilitationsumfeld, das meine Philosophie der Gesundheit widerspiegelt. Es ist mir eine Herzensangelegenheit, den Pferden zu helfen, sich in allen Strukturen biodynamisch und biomechanisch gesund zu bewegen.<\/p>\n<p>Als zertifizierte <strong>HHHL-Instruktorin<\/strong> verf\u00fcge ich zudem \u00fcber fundierte Kenntnisse, um dem Pferd zu helfen, auch mental und emotional fit zu werden.<\/p>\n<\/div><\/div><div class=\"wpb_column grve-column grve-bookmark grve-column-1-3\"><div class=\"grve-element grve-text\"><p>Ich beendete meine Ausbildung zum <strong>Hoof Consultant<\/strong> bei TeamHUF und als <strong>Pferdeosteopathin<\/strong> am Vluggen Institut in 2025.<\/p>\n<p>Ich bin offen f\u00fcr Reisen (gegen Geb\u00fchr) und biete <strong>Reha-Pensionen<\/strong> auf meiner eigenen Anlage an.<\/p>\n<\/div><\/div><div class=\"wpb_column grve-column grve-bookmark grve-column-1\"><div class=\"vc_empty_space\"   style=\"height: 32px\"><span class=\"vc_empty_space_inner\"><\/span><\/div><\/div> <\/div><div class=\"grve-background-wrapper\"><\/div><\/div><div class=\"grve-section\" data-section-title=\"\" data-section-type=\"fullwidth-background\" data-image-type=\"parallax\" data-full-height=\"no\"><div class=\"grve-row grve-bookmark\"><div class=\"wpb_column grve-column grve-bookmark grve-column-1\"><div class=\"vc_empty_space\"   style=\"height: 100px\"><span class=\"vc_empty_space_inner\"><\/span><\/div><h3 class=\"grve-element grve-align-left grve-title-line grve-h3\" style=\"\"><span>AUSBILDUNG<\/span><\/h3><div class=\"vc_empty_space\"   style=\"height: 32px\"><span class=\"vc_empty_space_inner\"><\/span><\/div><\/div><div class=\"wpb_column grve-column grve-bookmark grve-column-1-2\"><div class=\"grve-element grve-text\"><ul>\n<li><strong>Lazaris Nerve Release Practioner<\/strong><\/li>\n<li><strong>Faszientherapeut nach Angelina Spix<\/strong><\/li>\n<li><strong>Hufrehe-Berater nach Team-HUF<\/strong><\/li>\n<li><strong>Craniodynamik-Therapeut f\u00fcr Pferde und Hunde<\/strong><\/li>\n<li><strong>EDO i.A. am Vluggen Institute f\u00fcr Equine Osteophatie<\/strong><\/li>\n<li><strong>Psych-K\/Per-K<\/strong><\/li>\n<\/ul>\n<\/div><\/div><div class=\"wpb_column grve-column grve-bookmark grve-column-1-2\"><div class=\"grve-element grve-text\"><h4><strong>Weiterbildungen<\/strong><\/h4>\n<ul>\n<li><strong>SozoEquine<\/strong><\/li>\n<li><strong>Postural Rehabilitation<\/strong><\/li>\n<li><strong>Equine Tensegrity Balancing Training \u2013 Level 1<\/strong><\/li>\n<\/ul>\n<\/div><\/div><div class=\"wpb_column grve-column grve-bookmark grve-column-1\"><div class=\"vc_empty_space\"   style=\"height: 100px\"><span class=\"vc_empty_space_inner\"><\/span><\/div><\/div> <\/div><div class=\"grve-background-wrapper\">  <div class=\"grve-light-overlay grve-overlay-80\"><\/div>  <div class=\"grve-bg-image\" data-stellar-ratio=\"0.5\"  style=\"background-image: url(https:\/\/nadinemeissner.com\/wp-content\/uploads\/2025\/04\/view-from-below-of-an-unknown-person-s-hand-stroki-2025-03-08-16-46-46-utc-1920x1282.jpg);\"><\/div><\/div><\/div><div class=\"grve-section\" data-section-title=\"\" data-section-type=\"fullwidth-background\" data-image-type=\"none\" data-full-height=\"no\"><div class=\"grve-row grve-bookmark\"><div class=\"wpb_column grve-column grve-bookmark grve-column-1\"><div class=\"grve-element grve-align-left\"><a class=\"grve-btn grve-btn-extralarge grve-square grve-bg-primary-1\" href=\"https:\/\/nadinemeissner.com\/en\/team\/\" target=\"_self\" style=\"\"><span>MEIN TEAM<\/span><\/a><\/div><\/div> <\/div><div class=\"grve-background-wrapper\"><\/div><\/div>","protected":false},"excerpt":{"rendered":"\u00dcBER MICH - NADINE MEI\u00dfNERMein Name ist Nadine Meissner und ich bin Lazaris Nerve Release Practitioner in der N\u00e4he von K\u00f6ln, Deutschland. Zus\u00e4tzlich zu LNR verwende ich eine Kombination von Modalit\u00e4ten wie Hufpflege, Craniodynamik und Equine Faszientherapie, um das Pferd zu unterst\u00fctzen. Ich behandele die Pferde vom Huf bis zum Kopf und von innen nach [...]","protected":false},"author":1,"featured_media":0,"parent":0,"menu_order":0,"comment_status":"closed","ping_status":"closed","template":"","meta":{"footnotes":""},"class_list":["post-109","page","type-page","status-publish","hentry"],"_links":{"self":[{"href":"https:\/\/nadinemeissner.com\/en\/wp-json\/wp\/v2\/pages\/109","targetHints":{"allow":["GET"]}}],"collection":[{"href":"https:\/\/nadinemeissner.com\/en\/wp-json\/wp\/v2\/pages"}],"about":[{"href":"https:\/\/nadinemeissner.com\/en\/wp-json\/wp\/v2\/types\/page"}],"author":[{"embeddable":true,"href":"https:\/\/nadinemeissner.com\/en\/wp-json\/wp\/v2\/users\/1"}],"replies":[{"embeddable":true,"href":"https:\/\/nadinemeissner.com\/en\/wp-json\/wp\/v2\/comments?post=109"}],"version-history":[{"count":20,"href":"https:\/\/nadinemeissner.com\/en\/wp-json\/wp\/v2\/pages\/109\/revisions"}],"predecessor-version":[{"id":207,"href":"https:\/\/nadinemeissner.com\/en\/wp-json\/wp\/v2\/pages\/109\/revisions\/207"}],"wp:attachment":[{"href":"https:\/\/nadinemeissner.com\/en\/wp-json\/wp\/v2\/media?parent=109"}],"curies":[{"name":"wp","href":"https:\/\/api.w.org\/{rel}","templated":true}]}}