{"id":126,"date":"2025-06-18T08:58:49","date_gmt":"2025-06-18T06:58:49","guid":{"rendered":"https:\/\/nadinemeissner.com\/?page_id=126"},"modified":"2025-11-06T11:37:04","modified_gmt":"2025-11-06T10:37:04","slug":"therapie","status":"publish","type":"page","link":"https:\/\/nadinemeissner.com\/en\/therapie\/","title":{"rendered":"THERAPY"},"content":{"rendered":"<div class=\"grve-section\" data-section-title=\"\" data-section-type=\"fullwidth-background\" data-image-type=\"none\" data-full-height=\"no\"><div class=\"grve-row grve-bookmark\"><div class=\"wpb_column grve-column grve-bookmark grve-column-1\"><h1 class=\"grve-element grve-align-left grve-title-line grve-h1\" style=\"\"><span>UNSERE THERAPIEANGEBOTE<\/span><\/h1><div class=\"vc_empty_space\"   style=\"height: 32px\"><span class=\"vc_empty_space_inner\"><\/span><\/div><div class=\"grve-element grve-text\"><p>Unser Ziel ist es, Ihr Pferd ganzheitlich zu unterst\u00fctzen und eine stabile Gesundheitsgrundlage zu schaffen. Dazu haben wir uns auf die folgenden Therapieformen spezialisiert.<\/p>\n<\/div><div class=\"vc_empty_space\"   style=\"height: 32px\"><span class=\"vc_empty_space_inner\"><\/span><\/div><\/div> <\/div><div class=\"grve-background-wrapper\"><\/div><\/div><div class=\"grve-section\" data-section-title=\"\" data-section-type=\"fullwidth-background\" data-image-type=\"none\" data-full-height=\"no\"  style=\"background-color:#C3D6E7;\"><div class=\"grve-row grve-bookmark\"><div class=\"wpb_column grve-column grve-bookmark grve-column-1\"><div class=\"vc_empty_space\"   style=\"height: 32px\"><span class=\"vc_empty_space_inner\"><\/span><\/div><h3 class=\"grve-element grve-align-left grve-title-line grve-h3\" style=\"\"><span>LAZARIS NERVE RELEASE<\/span><\/h3><div class=\"grve-element grve-text\"><p>Die <strong>Lazaris Nerve Release Technik\u2122<\/strong> wurde von Celeste Lazaris entwickelt, um Nervenkompressionen bei Pferden zu l\u00f6sen.<\/p>\n<p>Der Fokus liegt auf der Entlastung der Nervengeflechte Plexus brachialis und Plexus lumbosakralis durch myofasziale und mobilisierende Techniken. Dadurch erhalten Nerven, die durch verspannte Strukturen komprimiert werden, wieder mehr Raum.<\/p>\n<p>Diese Behandlung verbessert Symptome wie das Head-Shaking-Syndrom, Vorbiegigkeit im Karpalgelenk, R\u00fcckenschmerzen, Stolpern, wiederkehrende Lahmheiten ohne erkennbare Ursache, Dysfunktion der Thorakalen Schlinge durch Rumpftr\u00e4gerschw\u00e4che, Trageersch\u00f6pfung, aggressives und \u00e4ngstliches Verhalten.<\/p>\n<\/div><div class=\"vc_empty_space\"   style=\"height: 32px\"><span class=\"vc_empty_space_inner\"><\/span><\/div><\/div> <\/div><div class=\"grve-background-wrapper\"><\/div><\/div><div class=\"grve-section\" data-section-title=\"\" data-section-type=\"fullwidth-background\" data-image-type=\"none\" data-full-height=\"no\"  style=\"background-color:#FFFFFF;\"><div class=\"grve-row grve-bookmark\"><div class=\"wpb_column grve-column grve-bookmark grve-column-1\"><div class=\"vc_empty_space\"   style=\"height: 32px\"><span class=\"vc_empty_space_inner\"><\/span><\/div><h3 class=\"grve-element grve-align-left grve-title-line grve-h3\" style=\"\"><span>EQUINE FASZIENTHERAPIE<\/span><\/h3><div class=\"grve-element grve-text\"><div class=\"w-full\">\n<div class=\"flex flex-col justify-between px-5 mb-3 w-full max-w-5xl mx-auto rounded-lg group\">\n<div id=\"message-394a63bc-f74f-4070-86f7-945675e3034b\" class=\"flex w-full message-394a63bc-f74f-4070-86f7-945675e3034b svelte-1u5gq5j\">\n<div class=\"flex-auto w-0 pl-1\">\n<div>\n<div class=\"chat-assistant w-full min-w-full markdown-prose svelte-1u5gq5j\">\n<div>\n<div id=\"response-content-container\" class=\"w-full flex flex-col relative\">\n<div>\n<p dir=\"auto\">Faszien durchziehen den gesamten Pferdek\u00f6rper und sind entscheidend f\u00fcr seine Gesundheit, da sie Organe, Muskeln, Gelenke und Nerven umh\u00fcllen, st\u00fctzen und voneinander trennen. Durch Bewegungsmangel, Verletzungen, Stress oder Fehlbelastungen k\u00f6nnen Faszien verkleben und ihre Elastizit\u00e4t verlieren \u2013 mit Auswirkungen auf den gesamten Bewegungsapparat.<\/p>\n<p dir=\"auto\">Die manuelle Faszientherapie l\u00f6st gezielt solche Verklebungen und Spannungen, f\u00f6rdert die Beweglichkeit und verbessert die K\u00f6rperwahrnehmung des Pferdes. Dadurch werden gesunde Bewegungsmuster, eine stabile K\u00f6rperhaltung, bessere Atmung sowie mentale Ausgeglichenheit unterst\u00fctzt. Die Therapie eignet sich besonders bei Spannungen im R\u00fccken, der Hinterhand, dem Becken, Schulter-, Hals- und Kieferbereich.<\/p>\n<\/div>\n<\/div>\n<\/div>\n<\/div>\n<div class=\"flex justify-start overflow-x-auto buttons text-gray-600 dark:text-gray-500 mt-0.5 svelte-1u5gq5j\">\n<div class=\"flex\" aria-label=\"Bearbeiten\"><\/div>\n<div class=\"flex\" aria-label=\"Kopieren\"><\/div>\n<div class=\"flex\" aria-label=\"Vorlesen\"><\/div>\n<div class=\"flex\" aria-label=\"Bild erzeugen\"><\/div>\n<div class=\"flex\" aria-label=\"Gute Antwort\"><\/div>\n<div class=\"flex\" aria-label=\"Schlechte Antwort\"><\/div>\n<div class=\"flex\" aria-label=\"Antwort fortsetzen\"><\/div>\n<div class=\"flex\" aria-label=\"Neu generieren\"><\/div>\n<\/div>\n<\/div>\n<\/div>\n<\/div>\n<\/div>\n<\/div>\n<\/div><div class=\"vc_empty_space\"   style=\"height: 32px\"><span class=\"vc_empty_space_inner\"><\/span><\/div><\/div> <\/div><div class=\"grve-background-wrapper\"><\/div><\/div><div class=\"grve-section\" data-section-title=\"\" data-section-type=\"fullwidth-background\" data-image-type=\"none\" data-full-height=\"no\"  style=\"background-color:#C3D6E7;\"><div class=\"grve-row grve-bookmark\"><div class=\"wpb_column grve-column grve-bookmark grve-column-1\"><div class=\"vc_empty_space\"   style=\"height: 32px\"><span class=\"vc_empty_space_inner\"><\/span><\/div><h3 class=\"grve-element grve-align-left grve-title-line grve-h3\" style=\"\"><span>CRANIODYNAMIK<\/span><\/h3><div class=\"grve-element grve-text\"><p dir=\"auto\">Die Craniodynamik ist eine ganzheitliche Therapieform, die aus der Craniosacral-Therapie der Osteopathie hervorgegangen ist. Sie basiert auf dem Prinzip, dass jedes K\u00f6rpergewebe eigene Bewegungen hat, die bei St\u00f6rungen zu k\u00f6rperlichen oder seelischen Beschwerden f\u00fchren k\u00f6nnen. Mit feinf\u00fchligem, manuellem Vorgehen werden diese Bewegungen ersp\u00fcrt und sanft harmonisiert.<\/p>\n<p dir=\"auto\">Craniodynamik eignet sich besonders zur Unterst\u00fctzung des Bewegungsapparates, nach Verletzungen oder Operationen, bei Verdauungsproblemen, Gleichgewichtsst\u00f6rungen, Taktunreinheiten sowie zur Verbesserung des allgemeinen Wohlbefindens und psychischer Ausgeglichenheit. Auch bei R\u00fcckenproblemen, Sattelzwang oder auff\u00e4lligem Verhalten bietet diese Therapieform wirksame Unterst\u00fctzung.<\/p>\n<\/div><div class=\"vc_empty_space\"   style=\"height: 32px\"><span class=\"vc_empty_space_inner\"><\/span><\/div><\/div> <\/div><div class=\"grve-background-wrapper\"><\/div><\/div><div class=\"grve-section\" data-section-title=\"\" data-section-type=\"fullwidth-background\" data-image-type=\"none\" data-full-height=\"no\"  style=\"background-color:#FFFFFF;\"><div class=\"grve-row grve-bookmark\"><div class=\"wpb_column grve-column grve-bookmark grve-column-1\"><div class=\"vc_empty_space\"   style=\"height: 32px\"><span class=\"vc_empty_space_inner\"><\/span><\/div><h3 class=\"grve-element grve-align-left grve-title-line grve-h3\" style=\"\"><span>HUFGEBUTACHTUNG<\/span><\/h3><div class=\"grve-element grve-text\"><div class=\"w-full\">\n<div class=\"flex flex-col justify-between px-5 mb-3 w-full max-w-5xl mx-auto rounded-lg group\">\n<div id=\"message-394a63bc-f74f-4070-86f7-945675e3034b\" class=\"flex w-full message-394a63bc-f74f-4070-86f7-945675e3034b svelte-1u5gq5j\">\n<div class=\"flex-auto w-0 pl-1\">\n<div class=\"chat-assistant w-full min-w-full markdown-prose svelte-1u5gq5j\">\n<div id=\"response-content-container\" class=\"w-full flex flex-col relative\">\n<div class=\"elementor-element elementor-element-5b5cad6 elementor-widget elementor-widget-heading\" data-id=\"5b5cad6\" data-element_type=\"widget\" data-widget_type=\"heading.default\">\n<div class=\"elementor-widget-container\">\n<p class=\"elementor-heading-title elementor-size-default\"><strong>HufbeGUTachtung<\/strong> hei\u00dft, Verstehen, was schon gut ist und Wissen, was man als Pferdebesitzer selbst gezielt tun kann, um die Hufgesundheit des Pferdes langfristig zu unterst\u00fctzen.<\/p>\n<p>&nbsp;<\/p>\n<\/div>\n<\/div>\n<p><strong>HUF-Beratung &amp; Hufrehe-Beratung<\/strong><\/p>\n<p>Hufrehe ist nicht der Anfang, sondern das Ende eines langen Prozesses. Die ersten Anzeichen treten oft schon lange auf, bevor offensichtliche Symptome sichtbar sind \u2013 man muss sie nur erkennen! In meiner HUF- &amp; Hufrehe-Beratung habe ich es mir zur Aufgabe gemacht, Pferdebesitzern das Wissen und die Werkzeuge an die Hand zu geben, um Hufgesundheit nachhaltig zu f\u00f6rdern und Hufprobleme wie Hufrehe zu verstehen und langfristig zu verhindern.<\/p>\n<\/div>\n<\/div>\n<\/div>\n<\/div>\n<\/div>\n<\/div>\n<\/div><div class=\"vc_empty_space\"   style=\"height: 32px\"><span class=\"vc_empty_space_inner\"><\/span><\/div><\/div> <\/div><div class=\"grve-background-wrapper\"><\/div><\/div>","protected":false},"excerpt":{"rendered":"UNSERE THERAPIEANGEBOTEUnser Ziel ist es, Ihr Pferd ganzheitlich zu unterst\u00fctzen und eine stabile Gesundheitsgrundlage zu schaffen. Dazu haben wir uns auf die folgenden Therapieformen spezialisiert. LAZARIS NERVE RELEASEDie Lazaris Nerve Release Technik\u2122 wurde von Celeste Lazaris entwickelt, um Nervenkompressionen bei Pferden zu l\u00f6sen. Der Fokus liegt auf der Entlastung der Nervengeflechte Plexus brachialis und Plexus [...]","protected":false},"author":1,"featured_media":0,"parent":0,"menu_order":0,"comment_status":"closed","ping_status":"closed","template":"","meta":{"footnotes":""},"class_list":["post-126","page","type-page","status-publish","hentry"],"_links":{"self":[{"href":"https:\/\/nadinemeissner.com\/en\/wp-json\/wp\/v2\/pages\/126","targetHints":{"allow":["GET"]}}],"collection":[{"href":"https:\/\/nadinemeissner.com\/en\/wp-json\/wp\/v2\/pages"}],"about":[{"href":"https:\/\/nadinemeissner.com\/en\/wp-json\/wp\/v2\/types\/page"}],"author":[{"embeddable":true,"href":"https:\/\/nadinemeissner.com\/en\/wp-json\/wp\/v2\/users\/1"}],"replies":[{"embeddable":true,"href":"https:\/\/nadinemeissner.com\/en\/wp-json\/wp\/v2\/comments?post=126"}],"version-history":[{"count":8,"href":"https:\/\/nadinemeissner.com\/en\/wp-json\/wp\/v2\/pages\/126\/revisions"}],"predecessor-version":[{"id":178,"href":"https:\/\/nadinemeissner.com\/en\/wp-json\/wp\/v2\/pages\/126\/revisions\/178"}],"wp:attachment":[{"href":"https:\/\/nadinemeissner.com\/en\/wp-json\/wp\/v2\/media?parent=126"}],"curies":[{"name":"wp","href":"https:\/\/api.w.org\/{rel}","templated":true}]}}