{"id":128,"date":"2025-06-18T08:58:49","date_gmt":"2025-06-18T06:58:49","guid":{"rendered":"https:\/\/nadinemeissner.com\/?page_id=128"},"modified":"2025-11-06T11:36:14","modified_gmt":"2025-11-06T10:36:14","slug":"reha","status":"publish","type":"page","link":"https:\/\/nadinemeissner.com\/en\/reha\/","title":{"rendered":"REHA"},"content":{"rendered":"<div class=\"grve-section\" data-section-title=\"\" data-section-type=\"fullwidth-background\" data-image-type=\"none\" data-full-height=\"no\"><div class=\"grve-row grve-bookmark\"><div class=\"wpb_column grve-column grve-bookmark grve-column-1\"><h1 class=\"grve-element grve-align-left grve-title-line grve-h1\" style=\"\"><span>REHA<\/span><\/h1><div class=\"vc_empty_space\"   style=\"height: 32px\"><span class=\"vc_empty_space_inner\"><\/span><\/div><\/div><div class=\"wpb_column grve-column grve-bookmark grve-column-1-5\"><div class=\"grve-element grve-image grve-align-center\" style=\"\"><img loading=\"lazy\" decoding=\"async\" width=\"1707\" height=\"2560\" src=\"https:\/\/nadinemeissner.com\/wp-content\/uploads\/2025\/06\/horse-care-stables-jockey-s-hand-preparing-the-h-2025-02-12-01-58-10-utc-scaled.jpg\" class=\"attachment-full size-full\" alt=\"\" srcset=\"https:\/\/nadinemeissner.com\/wp-content\/uploads\/2025\/06\/horse-care-stables-jockey-s-hand-preparing-the-h-2025-02-12-01-58-10-utc-scaled.jpg 1707w, https:\/\/nadinemeissner.com\/wp-content\/uploads\/2025\/06\/horse-care-stables-jockey-s-hand-preparing-the-h-2025-02-12-01-58-10-utc-200x300.jpg 200w, https:\/\/nadinemeissner.com\/wp-content\/uploads\/2025\/06\/horse-care-stables-jockey-s-hand-preparing-the-h-2025-02-12-01-58-10-utc-683x1024.jpg 683w, https:\/\/nadinemeissner.com\/wp-content\/uploads\/2025\/06\/horse-care-stables-jockey-s-hand-preparing-the-h-2025-02-12-01-58-10-utc-768x1152.jpg 768w, https:\/\/nadinemeissner.com\/wp-content\/uploads\/2025\/06\/horse-care-stables-jockey-s-hand-preparing-the-h-2025-02-12-01-58-10-utc-1024x1536.jpg 1024w, https:\/\/nadinemeissner.com\/wp-content\/uploads\/2025\/06\/horse-care-stables-jockey-s-hand-preparing-the-h-2025-02-12-01-58-10-utc-1365x2048.jpg 1365w, https:\/\/nadinemeissner.com\/wp-content\/uploads\/2025\/06\/horse-care-stables-jockey-s-hand-preparing-the-h-2025-02-12-01-58-10-utc-8x12.jpg 8w, https:\/\/nadinemeissner.com\/wp-content\/uploads\/2025\/06\/horse-care-stables-jockey-s-hand-preparing-the-h-2025-02-12-01-58-10-utc-1280x1920.jpg 1280w\" sizes=\"auto, (max-width: 1707px) 100vw, 1707px\" \/><\/div><div class=\"vc_empty_space\"   style=\"height: 32px\"><span class=\"vc_empty_space_inner\"><\/span><\/div><\/div><div class=\"wpb_column grve-column grve-bookmark grve-column-4-5\"><div class=\"grve-element grve-text\"><h3>Verletzungen, bei denen wir helfen k\u00f6nnen<\/h3>\n<p>Die meisten Pferde, die zu uns kommen, haben Diagnosen wie eine Sch\u00e4digung der tiefen Beugesehne (DDFT), der Seiten- oder Strahlbeinb\u00e4nder oder des Strahlbeins selbst. H\u00e4ufig bestehen zus\u00e4tzlich Sch\u00e4den im Hufbereich, sekund\u00e4re Lahmheiten der Hinterhand oder R\u00fcckenprobleme. Ein MRT ist hilfreich, aber keine Voraussetzung.<br \/>\nWir nehmen ausschlie\u00dflich Pferde unter tier\u00e4rztlicher Betreuung auf und stimmen uns gerne mit Ihnen und Ihrem Tierarzt ab, ob unsere Reha-Ma\u00dfnahmen geeignet sind.<\/p>\n<\/div><div class=\"vc_empty_space\"   style=\"height: 32px\"><span class=\"vc_empty_space_inner\"><\/span><\/div><\/div> <\/div><div class=\"grve-background-wrapper\"><\/div><\/div><div class=\"grve-section\" data-section-title=\"\" data-section-type=\"fullwidth-background\" data-image-type=\"none\" data-full-height=\"no\"><div class=\"grve-row grve-bookmark\"><div class=\"wpb_column grve-column grve-bookmark grve-column-1\"><div class=\"vc_empty_space\"   style=\"height: 32px\"><span class=\"vc_empty_space_inner\"><\/span><\/div><\/div><div class=\"wpb_column grve-column grve-bookmark grve-column-1-5\"><div class=\"grve-element grve-image grve-align-center\" style=\"\"><img loading=\"lazy\" decoding=\"async\" width=\"1704\" height=\"2560\" src=\"https:\/\/nadinemeissner.com\/wp-content\/uploads\/2025\/06\/closeup-of-a-horse-s-sleek-coat-and-strong-muscles-2025-04-05-03-13-13-utc-scaled.jpg\" class=\"attachment-full size-full\" alt=\"\" srcset=\"https:\/\/nadinemeissner.com\/wp-content\/uploads\/2025\/06\/closeup-of-a-horse-s-sleek-coat-and-strong-muscles-2025-04-05-03-13-13-utc-scaled.jpg 1704w, https:\/\/nadinemeissner.com\/wp-content\/uploads\/2025\/06\/closeup-of-a-horse-s-sleek-coat-and-strong-muscles-2025-04-05-03-13-13-utc-200x300.jpg 200w, https:\/\/nadinemeissner.com\/wp-content\/uploads\/2025\/06\/closeup-of-a-horse-s-sleek-coat-and-strong-muscles-2025-04-05-03-13-13-utc-681x1024.jpg 681w, https:\/\/nadinemeissner.com\/wp-content\/uploads\/2025\/06\/closeup-of-a-horse-s-sleek-coat-and-strong-muscles-2025-04-05-03-13-13-utc-768x1154.jpg 768w, https:\/\/nadinemeissner.com\/wp-content\/uploads\/2025\/06\/closeup-of-a-horse-s-sleek-coat-and-strong-muscles-2025-04-05-03-13-13-utc-1022x1536.jpg 1022w, https:\/\/nadinemeissner.com\/wp-content\/uploads\/2025\/06\/closeup-of-a-horse-s-sleek-coat-and-strong-muscles-2025-04-05-03-13-13-utc-1363x2048.jpg 1363w, https:\/\/nadinemeissner.com\/wp-content\/uploads\/2025\/06\/closeup-of-a-horse-s-sleek-coat-and-strong-muscles-2025-04-05-03-13-13-utc-8x12.jpg 8w, https:\/\/nadinemeissner.com\/wp-content\/uploads\/2025\/06\/closeup-of-a-horse-s-sleek-coat-and-strong-muscles-2025-04-05-03-13-13-utc-1278x1920.jpg 1278w\" sizes=\"auto, (max-width: 1704px) 100vw, 1704px\" \/><\/div><div class=\"vc_empty_space\"   style=\"height: 32px\"><span class=\"vc_empty_space_inner\"><\/span><\/div><\/div><div class=\"wpb_column grve-column grve-bookmark grve-column-4-5\"><div class=\"grve-element grve-text\"><h3>So funktioniert unsere Rehabilitation<\/h3>\n<p>Viele Pferde kommen mit geschw\u00e4chter Hufgesundheit und gest\u00f6rter Biomechanik zu uns. Sie landen oft zehenfirst und zeigen medio-laterale Ungleichgewichte. Dies belastet die bereits verletzten Sehnen und B\u00e4nder zus\u00e4tzlich und f\u00fchrt zu chronischer Lahmheit.<br \/>\nZiel unserer Reha ist es, die Hufgesundheit zu verbessern und ein ausgeglichenes Gangbild zu erm\u00f6glichen. So kann sich das Weichteilgewebe regenerieren und langfristige Belastbarkeit entstehen.<\/p>\n<\/div><div class=\"vc_empty_space\"   style=\"height: 32px\"><span class=\"vc_empty_space_inner\"><\/span><\/div><\/div> <\/div><div class=\"grve-background-wrapper\"><\/div><\/div><div class=\"grve-section\" data-section-title=\"\" data-section-type=\"fullwidth-background\" data-image-type=\"none\" data-full-height=\"no\"><div class=\"grve-row grve-bookmark\"><div class=\"wpb_column grve-column grve-bookmark grve-column-1\"><div class=\"vc_empty_space\"   style=\"height: 32px\"><span class=\"vc_empty_space_inner\"><\/span><\/div><\/div><div class=\"wpb_column grve-column grve-bookmark grve-column-1-5\"><div class=\"grve-element grve-image grve-align-center\" style=\"\"><img loading=\"lazy\" decoding=\"async\" width=\"1810\" height=\"2560\" src=\"https:\/\/nadinemeissner.com\/wp-content\/uploads\/2025\/06\/horse-2024-11-27-12-18-23-utc-scaled.jpg\" class=\"attachment-full size-full\" alt=\"\" srcset=\"https:\/\/nadinemeissner.com\/wp-content\/uploads\/2025\/06\/horse-2024-11-27-12-18-23-utc-scaled.jpg 1810w, https:\/\/nadinemeissner.com\/wp-content\/uploads\/2025\/06\/horse-2024-11-27-12-18-23-utc-212x300.jpg 212w, https:\/\/nadinemeissner.com\/wp-content\/uploads\/2025\/06\/horse-2024-11-27-12-18-23-utc-724x1024.jpg 724w, https:\/\/nadinemeissner.com\/wp-content\/uploads\/2025\/06\/horse-2024-11-27-12-18-23-utc-768x1086.jpg 768w, https:\/\/nadinemeissner.com\/wp-content\/uploads\/2025\/06\/horse-2024-11-27-12-18-23-utc-1086x1536.jpg 1086w, https:\/\/nadinemeissner.com\/wp-content\/uploads\/2025\/06\/horse-2024-11-27-12-18-23-utc-1448x2048.jpg 1448w, https:\/\/nadinemeissner.com\/wp-content\/uploads\/2025\/06\/horse-2024-11-27-12-18-23-utc-8x12.jpg 8w, https:\/\/nadinemeissner.com\/wp-content\/uploads\/2025\/06\/horse-2024-11-27-12-18-23-utc-1358x1920.jpg 1358w\" sizes=\"auto, (max-width: 1810px) 100vw, 1810px\" \/><\/div><div class=\"vc_empty_space\"   style=\"height: 32px\"><span class=\"vc_empty_space_inner\"><\/span><\/div><\/div><div class=\"wpb_column grve-column grve-bookmark grve-column-4-5\"><div class=\"grve-element grve-text\"><h3>Therapiepfade und unterst\u00fctzende Untergr\u00fcnde<\/h3>\n<p>Hufe sind enorm anpassungsf\u00e4hig \u2013 in der richtigen Umgebung k\u00f6nnen sie sich erstaunlich schnell ver\u00e4ndern. Bewegung ist dabei essenziell. Pferde bewegen sich am besten, wenn sie sich wohlf\u00fchlen.<br \/>\nDeshalb stellen wir unsere Pferde auf eigens angelegte Rehapfade mit nachgiebigen und stimulierenden Untergr\u00fcnden. Diese f\u00f6rdern nat\u00fcrliche Bewegung und bieten gezielte Reize f\u00fcr geschw\u00e4chte Hufe. Die Pferde leben in Gruppen und haben jederzeit Zugang zu Raufutter, was entspannte und gesunde Bewegung unterst\u00fctzt.<\/p>\n<\/div><div class=\"vc_empty_space\"   style=\"height: 32px\"><span class=\"vc_empty_space_inner\"><\/span><\/div><\/div> <\/div><div class=\"grve-background-wrapper\"><\/div><\/div><div class=\"grve-section\" data-section-title=\"\" data-section-type=\"fullwidth-background\" data-image-type=\"none\" data-full-height=\"no\"><div class=\"grve-row grve-bookmark\"><div class=\"wpb_column grve-column grve-bookmark grve-column-1\"><div class=\"vc_empty_space\"   style=\"height: 32px\"><span class=\"vc_empty_space_inner\"><\/span><\/div><\/div><div class=\"wpb_column grve-column grve-bookmark grve-column-1-5\"><div class=\"grve-element grve-image grve-align-center\" style=\"\"><img loading=\"lazy\" decoding=\"async\" width=\"1824\" height=\"2560\" src=\"https:\/\/nadinemeissner.com\/wp-content\/uploads\/2025\/06\/training-bodenarbeit-scaled.png\" class=\"attachment-full size-full\" alt=\"\" srcset=\"https:\/\/nadinemeissner.com\/wp-content\/uploads\/2025\/06\/training-bodenarbeit-scaled.png 1824w, https:\/\/nadinemeissner.com\/wp-content\/uploads\/2025\/06\/training-bodenarbeit-214x300.png 214w, https:\/\/nadinemeissner.com\/wp-content\/uploads\/2025\/06\/training-bodenarbeit-730x1024.png 730w, https:\/\/nadinemeissner.com\/wp-content\/uploads\/2025\/06\/training-bodenarbeit-768x1078.png 768w, https:\/\/nadinemeissner.com\/wp-content\/uploads\/2025\/06\/training-bodenarbeit-1094x1536.png 1094w, https:\/\/nadinemeissner.com\/wp-content\/uploads\/2025\/06\/training-bodenarbeit-1459x2048.png 1459w, https:\/\/nadinemeissner.com\/wp-content\/uploads\/2025\/06\/training-bodenarbeit-9x12.png 9w, https:\/\/nadinemeissner.com\/wp-content\/uploads\/2025\/06\/training-bodenarbeit-1368x1920.png 1368w\" sizes=\"auto, (max-width: 1824px) 100vw, 1824px\" \/><\/div><div class=\"vc_empty_space\"   style=\"height: 32px\"><span class=\"vc_empty_space_inner\"><\/span><\/div><\/div><div class=\"wpb_column grve-column grve-bookmark grve-column-4-5\"><div class=\"grve-element grve-text\"><h3>Arbeit an der Hand und unter dem Sattel<\/h3>\n<p>Ein Reha-Aufenthalt dauert in der Regel etwa 12 Wochen. W\u00e4hrend dieser Zeit arbeiten wir mit jedem Pferd individuell, sowohl an der Hand als auch unter dem Sattel, und bauen Schritt f\u00fcr Schritt Kondition und Belastbarkeit auf. Vor der R\u00fcckkehr nach Hause sind die Pferde in der Regel viermal pro Woche auf unterschiedlichen Untergr\u00fcnden, einschlie\u00dflich Stra\u00dfen, im Einsatz.<br \/>\nWir geben ein umfassendes Futter- und Trainingskonzept mit auf den Weg und stehen auch danach weiterhin gerne im Austausch. So k\u00f6nnen wir den Heilungsverlauf begleiten und bei Bedarf weitere Unterst\u00fctzung bieten.<\/p>\n<\/div><div class=\"vc_empty_space\"   style=\"height: 32px\"><span class=\"vc_empty_space_inner\"><\/span><\/div><\/div> <\/div><div class=\"grve-background-wrapper\"><\/div><\/div>","protected":false},"excerpt":{"rendered":"REHAVerletzungen, bei denen wir helfen k\u00f6nnen Die meisten Pferde, die zu uns kommen, haben Diagnosen wie eine Sch\u00e4digung der tiefen Beugesehne (DDFT), der Seiten- oder Strahlbeinb\u00e4nder oder des Strahlbeins selbst. H\u00e4ufig bestehen zus\u00e4tzlich Sch\u00e4den im Hufbereich, sekund\u00e4re Lahmheiten der Hinterhand oder R\u00fcckenprobleme. Ein MRT ist hilfreich, aber keine Voraussetzung. Wir nehmen ausschlie\u00dflich Pferde unter tier\u00e4rztlicher [...]","protected":false},"author":1,"featured_media":0,"parent":0,"menu_order":0,"comment_status":"closed","ping_status":"closed","template":"","meta":{"footnotes":""},"class_list":["post-128","page","type-page","status-publish","hentry"],"_links":{"self":[{"href":"https:\/\/nadinemeissner.com\/en\/wp-json\/wp\/v2\/pages\/128","targetHints":{"allow":["GET"]}}],"collection":[{"href":"https:\/\/nadinemeissner.com\/en\/wp-json\/wp\/v2\/pages"}],"about":[{"href":"https:\/\/nadinemeissner.com\/en\/wp-json\/wp\/v2\/types\/page"}],"author":[{"embeddable":true,"href":"https:\/\/nadinemeissner.com\/en\/wp-json\/wp\/v2\/users\/1"}],"replies":[{"embeddable":true,"href":"https:\/\/nadinemeissner.com\/en\/wp-json\/wp\/v2\/comments?post=128"}],"version-history":[{"count":7,"href":"https:\/\/nadinemeissner.com\/en\/wp-json\/wp\/v2\/pages\/128\/revisions"}],"predecessor-version":[{"id":206,"href":"https:\/\/nadinemeissner.com\/en\/wp-json\/wp\/v2\/pages\/128\/revisions\/206"}],"wp:attachment":[{"href":"https:\/\/nadinemeissner.com\/en\/wp-json\/wp\/v2\/media?parent=128"}],"curies":[{"name":"wp","href":"https:\/\/api.w.org\/{rel}","templated":true}]}}