{"id":147,"date":"2025-06-18T09:00:17","date_gmt":"2025-06-18T07:00:17","guid":{"rendered":"https:\/\/nadinemeissner.com\/?page_id=147"},"modified":"2026-02-09T08:23:00","modified_gmt":"2026-02-09T07:23:00","slug":"impressum","status":"publish","type":"page","link":"https:\/\/nadinemeissner.com\/en\/impressum\/","title":{"rendered":"IMPRESSUM"},"content":{"rendered":"<div class=\"grve-section\" data-section-title=\"\" data-section-type=\"fullwidth-background\" data-image-type=\"none\" data-full-height=\"no\"><div class=\"grve-row grve-bookmark\"><div class=\"wpb_column grve-column grve-bookmark grve-column-1\"><h3 class=\"grve-element grve-align-left grve-title-line grve-h3\" style=\"\"><span>IMPRESSUM<\/span><\/h3><div class=\"grve-element grve-text\"><p><strong>Angaben gem\u00e4\u00df \u00a7 5 TMG.<\/strong><\/p>\n<p>&nbsp;<\/p>\n<p><strong>Nadine Mei\u00dfner<\/strong><\/p>\n<p><strong>Therapie \u00b7 Reha \u00b7 Training f\u00fcr Pferde<\/strong><\/p>\n<p>&nbsp;<\/p>\n<p>Graf-Albert-Stra\u00dfe 13<\/p>\n<p>51709 Marienheide<\/p>\n<p>Deutschland<\/p>\n<p>&nbsp;<\/p>\n<p>Telefon: +49 1789277121<\/p>\n<p>E-Mail: <a href=\"mailto:info@nadinemeissner.com\">info@nadinemeissner.com<\/a><\/p>\n<p>&nbsp;<\/p>\n<p><strong>T\u00e4tigkeit:<\/strong><\/p>\n<ul>\n<li>Pferdetherapie, Rehabilitation, Training und Unterricht<\/li>\n<li>Lazaris Nerve Release Practitioner<\/li>\n<li>Equine Osteopathie (EDO i.A.)<\/li>\n<li>Craniodynamic<\/li>\n<li>HUF(rehe)-Beratung<\/li>\n<li>Zertifizierte HHHL-Instruktorin<\/li>\n<\/ul>\n<p>&nbsp;<\/p>\n<p><strong>Verantwortlich f\u00fcr den Inhalt nach \u00a7 18 Abs. 2 MStV:<\/strong><\/p>\n<p>Nadine Mei\u00dfner<\/p>\n<\/div><\/div> <\/div><div class=\"grve-background-wrapper\"><\/div><\/div>","protected":false},"excerpt":{"rendered":"IMPRESSUMAngaben gem\u00e4\u00df \u00a7 5 TMG. &nbsp; Nadine Mei\u00dfner Therapie \u00b7 Reha \u00b7 Training f\u00fcr Pferde &nbsp; Graf-Albert-Stra\u00dfe 13 51709 Marienheide Deutschland &nbsp; Telefon: +49 1789277121 E-Mail: info@nadinemeissner.com &nbsp; T\u00e4tigkeit: Pferdetherapie, Rehabilitation, Training und Unterricht Lazaris Nerve Release Practitioner Equine Osteopathie (EDO i.A.) Craniodynamik HUF(rehe)-Beratung Zertifizierte HHHL-Instruktorin &nbsp; Verantwortlich f\u00fcr den Inhalt nach \u00a7 18 Abs. [...]","protected":false},"author":1,"featured_media":0,"parent":0,"menu_order":0,"comment_status":"closed","ping_status":"closed","template":"","meta":{"footnotes":""},"class_list":["post-147","page","type-page","status-publish","hentry"],"_links":{"self":[{"href":"https:\/\/nadinemeissner.com\/en\/wp-json\/wp\/v2\/pages\/147","targetHints":{"allow":["GET"]}}],"collection":[{"href":"https:\/\/nadinemeissner.com\/en\/wp-json\/wp\/v2\/pages"}],"about":[{"href":"https:\/\/nadinemeissner.com\/en\/wp-json\/wp\/v2\/types\/page"}],"author":[{"embeddable":true,"href":"https:\/\/nadinemeissner.com\/en\/wp-json\/wp\/v2\/users\/1"}],"replies":[{"embeddable":true,"href":"https:\/\/nadinemeissner.com\/en\/wp-json\/wp\/v2\/comments?post=147"}],"version-history":[{"count":5,"href":"https:\/\/nadinemeissner.com\/en\/wp-json\/wp\/v2\/pages\/147\/revisions"}],"predecessor-version":[{"id":235,"href":"https:\/\/nadinemeissner.com\/en\/wp-json\/wp\/v2\/pages\/147\/revisions\/235"}],"wp:attachment":[{"href":"https:\/\/nadinemeissner.com\/en\/wp-json\/wp\/v2\/media?parent=147"}],"curies":[{"name":"wp","href":"https:\/\/api.w.org\/{rel}","templated":true}]}}