{"id":3,"date":"2025-04-02T09:47:06","date_gmt":"2025-04-02T07:47:06","guid":{"rendered":"http:\/\/nadinemeissner.com\/?page_id=3"},"modified":"2026-02-09T08:24:46","modified_gmt":"2026-02-09T07:24:46","slug":"datenschutzerklaerung","status":"publish","type":"page","link":"https:\/\/nadinemeissner.com\/en\/datenschutzerklaerung\/","title":{"rendered":"Datenschutzerkl\u00e4rung"},"content":{"rendered":"<div class=\"grve-section\" data-section-title=\"\" data-section-type=\"fullwidth-background\" data-image-type=\"none\" data-full-height=\"no\"><div class=\"grve-row grve-bookmark\"><div class=\"wpb_column grve-column grve-bookmark grve-column-1\"><div class=\"grve-element grve-text\"><p dir=\"auto\"><strong>Datenschutzerkl\u00e4rung<\/strong><\/p>\n<div class=\"my-2\"><\/div>\n<p dir=\"auto\"><strong>Verantwortlicher<\/strong><br \/>\nVerantwortliche Stelle f\u00fcr die Datenverarbeitung auf dieser Webseite ist:<br \/>\nNadine Mei\u00dfner<br \/>\nwww.nadinemeissner.com<\/p>\n<div class=\"my-2\"><\/div>\n<p dir=\"auto\"><strong>Erhebung und Verarbeitung personenbezogener Daten<\/strong><br \/>\nWir erheben und verarbeiten Ihre personenbezogenen Daten nur, sofern Sie diese freiwillig, z.B. im Rahmen einer Anfrage \u00fcber unser Kontaktformular, zur Verf\u00fcgung stellen.<\/p>\n<div class=\"my-2\"><\/div>\n<p dir=\"auto\"><strong>Nutzung des Kontaktformulars<\/strong><br \/>\nWenn Sie das Kontaktformular auf unserer Webseite nutzen, werden die von Ihnen angegebenen Daten (Name, E-Mail-Adresse, Nachricht) zwecks Bearbeitung der Anfrage und f\u00fcr den Fall von Anschlussfragen bei uns gespeichert. Diese Daten geben wir nicht ohne Ihre Einwilligung weiter.<\/p>\n<div class=\"my-2\"><\/div>\n<p dir=\"auto\"><strong>Rechtsgrundlage der Verarbeitung<\/strong><br \/>\nDie Verarbeitung der in das Kontaktformular eingegebenen Daten erfolgt auf Grundlage Ihrer Einwilligung (Art. 6 Abs. 1 lit. a DSGVO). Sie k\u00f6nnen diese Einwilligung jederzeit widerrufen. Die Rechtm\u00e4\u00dfigkeit der bis zum Widerruf erfolgten Datenverarbeitungsvorg\u00e4nge bleibt vom Widerruf unber\u00fchrt.<\/p>\n<div class=\"my-2\"><\/div>\n<p dir=\"auto\"><strong>Speicherdauer<\/strong><br \/>\nDie von Ihnen im Kontaktformular eingegebenen Daten verbleiben bei uns, bis Sie uns zur L\u00f6schung auffordern, Ihre Einwilligung zur Speicherung widerrufen oder der Zweck f\u00fcr die Datenspeicherung entf\u00e4llt (z. B. nach abgeschlossener Bearbeitung Ihrer Anfrage).<\/p>\n<div class=\"my-2\"><\/div>\n<p dir=\"auto\"><strong>Ihre Rechte<\/strong><br \/>\nIhnen stehen grunds\u00e4tzlich die Rechte auf Auskunft, Berichtigung, L\u00f6schung, Einschr\u00e4nkung, Daten\u00fcbertragbarkeit, Widerruf und Widerspruch zu. Hierzu sowie zu weiteren Fragen zum Thema personenbezogene Daten k\u00f6nnen Sie sich jederzeit an uns wenden.<\/p>\n<div class=\"my-2\"><\/div>\n<p dir=\"auto\"><strong>Beschwerde bei der Aufsichtsbeh\u00f6rde<\/strong><br \/>\nIm Falle datenschutzrechtlicher Verst\u00f6\u00dfe steht dem Betroffenen ein Beschwerderecht bei der zust\u00e4ndigen Aufsichtsbeh\u00f6rde zu.<\/p>\n<\/div><\/div> <\/div><div class=\"grve-background-wrapper\"><\/div><\/div>","protected":false},"excerpt":{"rendered":"Datenschutzerkl\u00e4rung Verantwortlicher Verantwortliche Stelle f\u00fcr die Datenverarbeitung auf dieser Webseite ist: Nadine Mei\u00dfner www.nadinemeissner.com Erhebung und Verarbeitung personenbezogener Daten Wir erheben und verarbeiten Ihre personenbezogenen Daten nur, sofern Sie diese freiwillig, z.B. im Rahmen einer Anfrage \u00fcber unser Kontaktformular, zur Verf\u00fcgung stellen. Nutzung des Kontaktformulars Wenn Sie das Kontaktformular auf unserer Webseite nutzen, werden die [...]","protected":false},"author":1,"featured_media":0,"parent":0,"menu_order":0,"comment_status":"closed","ping_status":"open","template":"","meta":{"footnotes":""},"class_list":["post-3","page","type-page","status-publish","hentry"],"_links":{"self":[{"href":"https:\/\/nadinemeissner.com\/en\/wp-json\/wp\/v2\/pages\/3","targetHints":{"allow":["GET"]}}],"collection":[{"href":"https:\/\/nadinemeissner.com\/en\/wp-json\/wp\/v2\/pages"}],"about":[{"href":"https:\/\/nadinemeissner.com\/en\/wp-json\/wp\/v2\/types\/page"}],"author":[{"embeddable":true,"href":"https:\/\/nadinemeissner.com\/en\/wp-json\/wp\/v2\/users\/1"}],"replies":[{"embeddable":true,"href":"https:\/\/nadinemeissner.com\/en\/wp-json\/wp\/v2\/comments?post=3"}],"version-history":[{"count":2,"href":"https:\/\/nadinemeissner.com\/en\/wp-json\/wp\/v2\/pages\/3\/revisions"}],"predecessor-version":[{"id":236,"href":"https:\/\/nadinemeissner.com\/en\/wp-json\/wp\/v2\/pages\/3\/revisions\/236"}],"wp:attachment":[{"href":"https:\/\/nadinemeissner.com\/en\/wp-json\/wp\/v2\/media?parent=3"}],"curies":[{"name":"wp","href":"https:\/\/api.w.org\/{rel}","templated":true}]}}